{"id":5616,"date":"2023-09-07T11:26:26","date_gmt":"2023-09-07T11:26:26","guid":{"rendered":"https:\/\/dachdaily.com\/kontaktiere-unscontact-us\/"},"modified":"2024-05-30T17:47:45","modified_gmt":"2024-05-30T17:47:45","slug":"contact-us","status":"publish","type":"page","link":"https:\/\/dachdaily.com\/de\/contact-us\/","title":{"rendered":"Kontaktiere uns"},"content":{"rendered":"\t\t<div data-elementor-type=\"wp-page\" data-elementor-id=\"5616\" class=\"elementor elementor-5616 elementor-1570\">\n\t\t\t\t\t\t<section class=\"penci-section penci-disSticky penci-structure-10 elementor-section elementor-top-section elementor-element elementor-element-25307eb elementor-section-boxed elementor-section-height-default elementor-section-height-default\" data-id=\"25307eb\" data-element_type=\"section\">\n\t\t\t\t\t\t<div class=\"elementor-container elementor-column-gap-default\">\n\t\t\t\t\t<div class=\"penci-ercol-100 penci-ercol-order-1 penci-sticky-ct    elementor-column elementor-col-100 elementor-top-column elementor-element elementor-element-701ac68\" data-id=\"701ac68\" data-element_type=\"column\">\n\t\t\t<div class=\"elementor-widget-wrap elementor-element-populated\">\n\t\t\t\t\t\t<div class=\"elementor-element elementor-element-4dc48f5 elementor-widget elementor-widget-text-editor\" data-id=\"4dc48f5\" data-element_type=\"widget\" data-widget_type=\"text-editor.default\">\n\t\t\t\t<div class=\"elementor-widget-container\">\n\t\t\t\t\t\t\t\t\t<p>Haben Sie eine Frage zu Dach Daily\u2122 oder m\u00f6chten Sie Medien in Dach-L\u00e4ndern erreichen, kontaktieren Sie uns bitte \u00fcber die unten aufgef\u00fchrten Messaging-Apps.<\/p>\n\t\t\t\t\t\t\t\t<\/div>\n\t\t\t\t<\/div>\n\t\t\t\t<div class=\"elementor-element elementor-element-c3a45f6 elementor-list-item-link-inline elementor-icon-list--layout-traditional elementor-widget elementor-widget-icon-list\" data-id=\"c3a45f6\" data-element_type=\"widget\" data-widget_type=\"icon-list.default\">\n\t\t\t\t<div class=\"elementor-widget-container\">\n\t\t\t\t\t\t\t<ul class=\"elementor-icon-list-items\">\n\t\t\t\t\t\t\t<li class=\"elementor-icon-list-item\">\n\t\t\t\t\t\t\t\t\t\t\t<a href=\"https:\/\/api.whatsapp.com\/send\/?phone=18327162363&#038;text&#038;app_absent=0\">\n\n\t\t\t\t\t\t\t\t\t\t\t\t<span class=\"elementor-icon-list-icon\">\n\t\t\t\t\t\t\t<i aria-hidden=\"true\" class=\"fab fa-whatsapp\"><\/i>\t\t\t\t\t\t<\/span>\n\t\t\t\t\t\t\t\t\t\t<span class=\"elementor-icon-list-text\">WhatsApp: +1 832-716-2363<\/span>\n\t\t\t\t\t\t\t\t\t\t\t<\/a>\n\t\t\t\t\t\t\t\t\t<\/li>\n\t\t\t\t\t\t\t\t<li class=\"elementor-icon-list-item\">\n\t\t\t\t\t\t\t\t\t\t\t<a href=\"skype:groupwebmedia?chat\">\n\n\t\t\t\t\t\t\t\t\t\t\t\t<span class=\"elementor-icon-list-icon\">\n\t\t\t\t\t\t\t<i aria-hidden=\"true\" class=\"fab fa-skype\"><\/i>\t\t\t\t\t\t<\/span>\n\t\t\t\t\t\t\t\t\t\t<span class=\"elementor-icon-list-text\">Skype: Groupwebmedia<\/span>\n\t\t\t\t\t\t\t\t\t\t\t<\/a>\n\t\t\t\t\t\t\t\t\t<\/li>\n\t\t\t\t\t\t\t\t<li class=\"elementor-icon-list-item\">\n\t\t\t\t\t\t\t\t\t\t\t<a href=\"https:\/\/t.me\/groupwebmedia\">\n\n\t\t\t\t\t\t\t\t\t\t\t\t<span class=\"elementor-icon-list-icon\">\n\t\t\t\t\t\t\t<i aria-hidden=\"true\" class=\"fab fa-telegram\"><\/i>\t\t\t\t\t\t<\/span>\n\t\t\t\t\t\t\t\t\t\t<span class=\"elementor-icon-list-text\">Telegram: @groupwebmedia<\/span>\n\t\t\t\t\t\t\t\t\t\t\t<\/a>\n\t\t\t\t\t\t\t\t\t<\/li>\n\t\t\t\t\t\t<\/ul>\n\t\t\t\t\t\t<\/div>\n\t\t\t\t<\/div>\n\t\t\t\t\t<\/div>\n\t\t<\/div>\n\t\t\t\t\t<\/div>\n\t\t<\/section>\n\t\t\t\t<\/div>\n\t\t","protected":false},"excerpt":{"rendered":"<p>Haben Sie eine Frage zu Dach Daily\u2122 oder m\u00f6chten Sie Medien in Dach-L\u00e4ndern erreichen, kontaktieren Sie uns bitte \u00fcber die unten aufgef\u00fchrten&hellip;<\/p>\n","protected":false},"author":1,"featured_media":0,"parent":0,"menu_order":0,"comment_status":"closed","ping_status":"closed","template":"","meta":{"_lmt_disableupdate":"no","_lmt_disable":"","footnotes":""},"class_list":["post-5616","page","type-page","status-publish","hentry"],"_links":{"self":[{"href":"https:\/\/dachdaily.com\/de\/wp-json\/wp\/v2\/pages\/5616","targetHints":{"allow":["GET"]}}],"collection":[{"href":"https:\/\/dachdaily.com\/de\/wp-json\/wp\/v2\/pages"}],"about":[{"href":"https:\/\/dachdaily.com\/de\/wp-json\/wp\/v2\/types\/page"}],"author":[{"embeddable":true,"href":"https:\/\/dachdaily.com\/de\/wp-json\/wp\/v2\/users\/1"}],"replies":[{"embeddable":true,"href":"https:\/\/dachdaily.com\/de\/wp-json\/wp\/v2\/comments?post=5616"}],"version-history":[{"count":4,"href":"https:\/\/dachdaily.com\/de\/wp-json\/wp\/v2\/pages\/5616\/revisions"}],"predecessor-version":[{"id":5710,"href":"https:\/\/dachdaily.com\/de\/wp-json\/wp\/v2\/pages\/5616\/revisions\/5710"}],"wp:attachment":[{"href":"https:\/\/dachdaily.com\/de\/wp-json\/wp\/v2\/media?parent=5616"}],"curies":[{"name":"wp","href":"https:\/\/api.w.org\/{rel}","templated":true}]}}