{"id":5618,"date":"2021-11-02T08:17:21","date_gmt":"2021-11-02T08:17:21","guid":{"rendered":"https:\/\/dachdaily.com\/ueber-uns\/"},"modified":"2024-05-30T16:49:02","modified_gmt":"2024-05-30T16:49:02","slug":"about-us","status":"publish","type":"page","link":"https:\/\/dachdaily.com\/de\/about-us\/","title":{"rendered":"\u00dcber uns"},"content":{"rendered":"\t\t<div data-elementor-type=\"wp-page\" data-elementor-id=\"5618\" class=\"elementor elementor-5618 elementor-14\">\n\t\t\t\t\t\t<section class=\"penci-section penci-disSticky penci-structure-10 elementor-section elementor-top-section elementor-element elementor-element-99c727f elementor-section-boxed elementor-section-height-default elementor-section-height-default\" data-id=\"99c727f\" data-element_type=\"section\">\n\t\t\t\t\t\t<div class=\"elementor-container elementor-column-gap-default\">\n\t\t\t\t\t<div class=\"penci-ercol-100 penci-ercol-order-1 penci-sticky-ct    elementor-column elementor-col-100 elementor-top-column elementor-element elementor-element-e7e0861\" data-id=\"e7e0861\" data-element_type=\"column\">\n\t\t\t<div class=\"elementor-widget-wrap elementor-element-populated\">\n\t\t\t\t\t\t<div class=\"elementor-element elementor-element-85667cc elementor-widget elementor-widget-text-editor\" data-id=\"85667cc\" data-element_type=\"widget\" data-widget_type=\"text-editor.default\">\n\t\t\t\t<div class=\"elementor-widget-container\">\n\t\t\t\t\t\t\t\t\t<h3>\u00dcber DACH Daily\u2122 <\/h3><p>Dach Daily\u2122 sammelt, ver\u00f6ffentlicht und verbreitet Nachrichten aus der DACH-Region (Deutschland (D), \u00d6sterreich (A) und Schweiz (CH) mit Schwerpunkt auf . Dach Daily\u2122, in Zusammenarbeit mit <a href=\"https:\/\/europenewswire. net\/\"><span style=\"color: #ff0000;\">EuropeNewswire.net\u2122<\/span><\/a>, bietet die Verteilung von Pressemitteilungen an Medienunternehmen in der DACH-Region und in Europa. F\u00fcr die Verteilung von Pressemitteilungen an Medienkontakte uns \u00fcber diese Messaging-Apps: <span style=\"color: #ff0000;\"><a style=\"color: #ff0000;\">WhatsApp<\/a><\/span>, <span style=\"color: #ff0000;\"><a style=\"color: #ff0000;\" href=\"skype:groupwebmedia?chat\">Skype <\/a> <\/span>oder <span style=\"color: #ff0000;\"><a style=\"color: #ff0000;\" href=\"https:\/\/t.me\/groupwebmedia\">Telegramm<\/a><\/span><\/p><h3>\u00dcber die DACH-Region<\/h3><h4><a style=\"color: #333300;\" href=\"https:\/\/dachdaily.com\/the-socio-economic-impact-of-the-dach-region-on-europe\/\">Die sozio\u00f6konomischen Auswirkungen der DACH-Region auf Europa<\/a><\/h4><p>Die DACH-Region, die Deutschland (D), \u00d6sterreich (A) und die Schweiz (CH) umfasst, ist eine zentrale Wirtschaftsmacht in Europa. Dieser Aufsatz untersucht die sozio\u00f6konomischen Auswirkungen der DACH-Region auf den breiteren europ\u00e4ischen Kontext und hebt ihren Einfluss auf Handel, Innovation, Stabilit\u00e4t und kulturelle Integration hervor&#8230;<a href=\"https:\/\/dachdaily.com\/the-socio -economic-impact-of-the-dach-region-on-europe\/\">Weiterlesen<\/a><\/p>\t\t\t\t\t\t\t\t<\/div>\n\t\t\t\t<\/div>\n\t\t\t\t\t<\/div>\n\t\t<\/div>\n\t\t\t\t\t<\/div>\n\t\t<\/section>\n\t\t\t\t<\/div>\n\t\t","protected":false},"excerpt":{"rendered":"<p>\u00dcber DACH Daily\u2122 Dach Daily\u2122 sammelt, ver\u00f6ffentlicht und verbreitet Nachrichten aus der DACH-Region (Deutschland (D), \u00d6sterreich (A) und Schweiz (CH) mit Schwerpunkt&hellip;<\/p>\n","protected":false},"author":1,"featured_media":0,"parent":0,"menu_order":0,"comment_status":"closed","ping_status":"closed","template":"page-sidebar.php","meta":{"_lmt_disableupdate":"","_lmt_disable":"","footnotes":""},"class_list":["post-5618","page","type-page","status-publish","hentry"],"_links":{"self":[{"href":"https:\/\/dachdaily.com\/de\/wp-json\/wp\/v2\/pages\/5618","targetHints":{"allow":["GET"]}}],"collection":[{"href":"https:\/\/dachdaily.com\/de\/wp-json\/wp\/v2\/pages"}],"about":[{"href":"https:\/\/dachdaily.com\/de\/wp-json\/wp\/v2\/types\/page"}],"author":[{"embeddable":true,"href":"https:\/\/dachdaily.com\/de\/wp-json\/wp\/v2\/users\/1"}],"replies":[{"embeddable":true,"href":"https:\/\/dachdaily.com\/de\/wp-json\/wp\/v2\/comments?post=5618"}],"version-history":[{"count":10,"href":"https:\/\/dachdaily.com\/de\/wp-json\/wp\/v2\/pages\/5618\/revisions"}],"predecessor-version":[{"id":5659,"href":"https:\/\/dachdaily.com\/de\/wp-json\/wp\/v2\/pages\/5618\/revisions\/5659"}],"wp:attachment":[{"href":"https:\/\/dachdaily.com\/de\/wp-json\/wp\/v2\/media?parent=5618"}],"curies":[{"name":"wp","href":"https:\/\/api.w.org\/{rel}","templated":true}]}}