{"id":5620,"date":"2021-11-09T13:30:12","date_gmt":"2021-11-09T13:30:12","guid":{"rendered":"https:\/\/dachdaily.com\/nachrichten-einreichen\/"},"modified":"2024-05-30T16:54:28","modified_gmt":"2024-05-30T16:54:28","slug":"submit-news","status":"publish","type":"page","link":"https:\/\/dachdaily.com\/de\/submit-news\/","title":{"rendered":"Nachrichten einreichen"},"content":{"rendered":"\t\t<div data-elementor-type=\"wp-page\" data-elementor-id=\"5620\" class=\"elementor elementor-5620 elementor-1547\">\n\t\t\t\t\t\t<section class=\"penci-section penci-disSticky penci-structure-10 elementor-section elementor-top-section elementor-element elementor-element-ae04724 elementor-section-boxed elementor-section-height-default elementor-section-height-default\" data-id=\"ae04724\" data-element_type=\"section\">\n\t\t\t\t\t\t<div class=\"elementor-container elementor-column-gap-default\">\n\t\t\t\t\t<div class=\"penci-ercol-100 penci-ercol-order-1 penci-sticky-ct    elementor-column elementor-col-100 elementor-top-column elementor-element elementor-element-1763469\" data-id=\"1763469\" data-element_type=\"column\">\n\t\t\t<div class=\"elementor-widget-wrap elementor-element-populated\">\n\t\t\t\t\t\t<div class=\"elementor-element elementor-element-384a90e elementor-widget elementor-widget-heading\" data-id=\"384a90e\" data-element_type=\"widget\" data-widget_type=\"heading.default\">\n\t\t\t\t<div class=\"elementor-widget-container\">\n\t\t\t\t\t<h2 class=\"elementor-heading-title elementor-size-default\">Senden Sie Nachrichten oder Pressemitteilungen<\/h2>\t\t\t\t<\/div>\n\t\t\t\t<\/div>\n\t\t\t\t<div class=\"elementor-element elementor-element-dcb524a elementor-widget elementor-widget-text-editor\" data-id=\"dcb524a\" data-element_type=\"widget\" data-widget_type=\"text-editor.default\">\n\t\t\t\t<div class=\"elementor-widget-container\">\n\t\t\t\t\t\t\t\t\t<p>Pressenmitteilung-Verteilung an Medien in der DACH-Region oder ganz Europa. Dach Daily\u2122, in Zusammenarbeit mit <span style=\"color: #ff0000;\"><a style=\"color: #ff0000;\" href=\"https:\/\/europenewswire.net\/\">EuropeNewswire.net<\/a><\/span>, ver\u00f6ffentlicht und verteilt Pressenmitteilungen an Medien in den DACH-L\u00e4ndern (Deutschland, \u00d6sterreich, Schweiz) und Europa. F\u00fcr weitere Informationen, chatten Sie mit uns auf <span style=\"color: #ff0000;\"><a style=\"color: #ff0000;\" href=\"https:\/\/api.whatsapp.com\/send\/?phone=18327162363&amp;text&amp;app_absent=0\">WhatsApp<\/a><\/span>, <span style=\"color: #ff0000;\"><a style=\"color: #ff0000;\" href=\"skype:groupwebmedia?chat\">Skype<\/a><\/span> oder <span style=\"color: #ff0000;\"><a style=\"color: #ff0000;\" href=\"https:\/\/t.me\/groupwebmedia\">Telegram<\/a><\/span>, damit Sie die Vorteile der Pressenmitteilung-Verteilung in den DACH-L\u00e4ndern nutzen k\u00f6nnen.<\/p><h2><a href=\"https:\/\/dachdaily.com\/the-strategic-importance-of-press-release-distribution-in-the-dach-market\/\">Die strategische Bedeutung der Pressenmitteilung-Verteilung im DACH-Markt<\/a><\/h2><p>Im Zeitalter des digitalen Marketings und der globalen Konnektivit\u00e4t bleibt die Verteilung von Pressenmitteilungen eine Eckpfeilerstrategie f\u00fcr Unternehmen, die neue M\u00e4rkte erschlie\u00dfen wollen. Die DACH-Region, bestehend aus Deutschland (D), \u00d6sterreich (A) und der Schweiz (CH), stellt einen einzigartigen und lukrativen Markt dar, der durch robuste Volkswirtschaften, hohe Kaufkraft und eine Vorliebe f\u00fcr Qualit\u00e4t und Pr\u00e4zision gekennzeichnet ist. Dieser Aufsatz erl\u00e4utert, warum Unternehmen die Verteilung von Pressenmitteilungen nutzen sollten, um den DACH-Markt effektiv zu erreichen&#8230;<a href=\"https:\/\/dachdaily.com\/the-strategic-importance-of-press-release-distribution-in-the-dach-market\/\">Weiterlesen<\/a><\/p>\t\t\t\t\t\t\t\t<\/div>\n\t\t\t\t<\/div>\n\t\t\t\t\t<\/div>\n\t\t<\/div>\n\t\t\t\t\t<\/div>\n\t\t<\/section>\n\t\t\t\t<\/div>\n\t\t","protected":false},"excerpt":{"rendered":"<p>Senden Sie Nachrichten oder Pressemitteilungen Pressenmitteilung-Verteilung an Medien in der DACH-Region oder ganz Europa. Dach Daily\u2122, in Zusammenarbeit mit EuropeNewswire.net, ver\u00f6ffentlicht und&hellip;<\/p>\n","protected":false},"author":1,"featured_media":0,"parent":0,"menu_order":0,"comment_status":"closed","ping_status":"closed","template":"","meta":{"_lmt_disableupdate":"no","_lmt_disable":"","footnotes":""},"class_list":["post-5620","page","type-page","status-publish","hentry"],"_links":{"self":[{"href":"https:\/\/dachdaily.com\/de\/wp-json\/wp\/v2\/pages\/5620","targetHints":{"allow":["GET"]}}],"collection":[{"href":"https:\/\/dachdaily.com\/de\/wp-json\/wp\/v2\/pages"}],"about":[{"href":"https:\/\/dachdaily.com\/de\/wp-json\/wp\/v2\/types\/page"}],"author":[{"embeddable":true,"href":"https:\/\/dachdaily.com\/de\/wp-json\/wp\/v2\/users\/1"}],"replies":[{"embeddable":true,"href":"https:\/\/dachdaily.com\/de\/wp-json\/wp\/v2\/comments?post=5620"}],"version-history":[{"count":8,"href":"https:\/\/dachdaily.com\/de\/wp-json\/wp\/v2\/pages\/5620\/revisions"}],"predecessor-version":[{"id":5667,"href":"https:\/\/dachdaily.com\/de\/wp-json\/wp\/v2\/pages\/5620\/revisions\/5667"}],"wp:attachment":[{"href":"https:\/\/dachdaily.com\/de\/wp-json\/wp\/v2\/media?parent=5620"}],"curies":[{"name":"wp","href":"https:\/\/api.w.org\/{rel}","templated":true}]}}