{"id":6592,"date":"2021-11-02T08:17:21","date_gmt":"2021-11-02T08:17:21","guid":{"rendered":"https:\/\/dachdaily.com\/a-propos-de-nous\/"},"modified":"2024-05-31T18:15:46","modified_gmt":"2024-05-31T18:15:46","slug":"a-propos-de-nous","status":"publish","type":"page","link":"https:\/\/dachdaily.com\/fr\/a-propos-de-nous\/","title":{"rendered":"\u00c0 propos de nous"},"content":{"rendered":"\t\t<div data-elementor-type=\"wp-page\" data-elementor-id=\"6592\" class=\"elementor elementor-6592 elementor-14\">\n\t\t\t\t\t\t<section class=\"penci-section penci-disSticky penci-structure-10 elementor-section elementor-top-section elementor-element elementor-element-99c727f elementor-section-boxed elementor-section-height-default elementor-section-height-default\" data-id=\"99c727f\" data-element_type=\"section\">\n\t\t\t\t\t\t<div class=\"elementor-container elementor-column-gap-default\">\n\t\t\t\t\t<div class=\"penci-ercol-100 penci-ercol-order-1 penci-sticky-ct    elementor-column elementor-col-100 elementor-top-column elementor-element elementor-element-e7e0861\" data-id=\"e7e0861\" data-element_type=\"column\">\n\t\t\t<div class=\"elementor-widget-wrap elementor-element-populated\">\n\t\t\t\t\t\t<div class=\"elementor-element elementor-element-85667cc elementor-widget elementor-widget-text-editor\" data-id=\"85667cc\" data-element_type=\"widget\" data-widget_type=\"text-editor.default\">\n\t\t\t\t<div class=\"elementor-widget-container\">\n\t\t\t\t\t\t\t\t\t<h3>\u00c0 propos de DACH Daily\u2122 <\/h3>\n<p>Dach Daily\u2122 agr\u00e8ge, publie et distribue des nouvelles sur la r\u00e9gion DACH (Allemagne (D), Autriche (A) et Suisse (CH) avec un accent sur . Dach Daily\u2122, en association avec <a href=\"https:\/\/europenewswire.net\/\"><span style=\"color: #ff0000;\">EuropeNewswire.net\u2122<\/span><\/a>, assure la distribution de communiqu\u00e9s de presse aux m\u00e9dias de la r\u00e9gion DACH et d&rsquo;Europe. Pour la distribution de communiqu\u00e9s de presse aux m\u00e9dias, contactez-nous via ces applications de messagerie : <span style=\"color: #ff0000;\"><a style=\"color: #ff0000;\" href=\"https:\/\/api.whatsapp.com\/send\/?phone=18327162363&amp;text&amp;app_absent=0\">WhatsApp<\/a><\/span>, <span style=\"color: #ff0000;\"><a style=\"color: #ff0000;\" href=\"skype:groupwebmedia?chat\">Skype<\/a> <\/span>ou <span style=\"color: #ff0000;\"><a style=\"color: #ff0000;\" href=\"https:\/\/t.me\/groupwebmedia\">Telegram<\/a><\/span>.<\/p>\n<h3>\u00c0 propos de la r\u00e9gion DACH<\/h3>\n<h4><span style=\"color: #333300;\"><a style=\"color: #333300;\" href=\"https:\/\/dachdaily.com\/the-socio-economic-impact-of-the-dach-region-on-europe\/\">L&rsquo;impact socio-\u00e9conomique de la r\u00e9gion DACH sur l&rsquo;Europe<\/a><\/span><\/h4>\n<p>La r\u00e9gion DACH, englobant l&rsquo;Allemagne (D), l&rsquo;Autriche (A) et la Suisse (CH), est un pilier \u00e9conomique essentiel au sein de l&rsquo;Europe. Cet essai explore l&rsquo;impact socio-\u00e9conomique de la r\u00e9gion DACH sur le contexte europ\u00e9en plus large, mettant en lumi\u00e8re son influence sur le commerce, l&rsquo;innovation, la stabilit\u00e9 et l&rsquo;int\u00e9gration culturelle&#8230;<a href=\"https:\/\/dachdaily.com\/the-socio-economic-impact-of-the-dach-region-on-europe\/\">Lire la suite<\/a><\/p>\n\t\t\t\t\t\t\t\t<\/div>\n\t\t\t\t<\/div>\n\t\t\t\t\t<\/div>\n\t\t<\/div>\n\t\t\t\t\t<\/div>\n\t\t<\/section>\n\t\t\t\t<\/div>\n\t\t","protected":false},"excerpt":{"rendered":"<p>\u00c0 propos de DACH Daily\u2122 Dach Daily\u2122 agr\u00e8ge, publie et distribue des nouvelles sur la r\u00e9gion DACH (Allemagne (D), Autriche (A) et&hellip;<\/p>\n","protected":false},"author":1,"featured_media":0,"parent":0,"menu_order":0,"comment_status":"closed","ping_status":"closed","template":"page-sidebar.php","meta":{"_lmt_disableupdate":"","_lmt_disable":"","footnotes":""},"class_list":["post-6592","page","type-page","status-publish","hentry"],"_links":{"self":[{"href":"https:\/\/dachdaily.com\/fr\/wp-json\/wp\/v2\/pages\/6592","targetHints":{"allow":["GET"]}}],"collection":[{"href":"https:\/\/dachdaily.com\/fr\/wp-json\/wp\/v2\/pages"}],"about":[{"href":"https:\/\/dachdaily.com\/fr\/wp-json\/wp\/v2\/types\/page"}],"author":[{"embeddable":true,"href":"https:\/\/dachdaily.com\/fr\/wp-json\/wp\/v2\/users\/1"}],"replies":[{"embeddable":true,"href":"https:\/\/dachdaily.com\/fr\/wp-json\/wp\/v2\/comments?post=6592"}],"version-history":[{"count":1,"href":"https:\/\/dachdaily.com\/fr\/wp-json\/wp\/v2\/pages\/6592\/revisions"}],"predecessor-version":[{"id":6595,"href":"https:\/\/dachdaily.com\/fr\/wp-json\/wp\/v2\/pages\/6592\/revisions\/6595"}],"wp:attachment":[{"href":"https:\/\/dachdaily.com\/fr\/wp-json\/wp\/v2\/media?parent=6592"}],"curies":[{"name":"wp","href":"https:\/\/api.w.org\/{rel}","templated":true}]}}